{"id":7,"date":"2024-11-23T14:34:04","date_gmt":"2024-11-23T13:34:04","guid":{"rendered":"https:\/\/www.domainedelaretiere.fr\/?page_id=7"},"modified":"2024-11-23T14:34:34","modified_gmt":"2024-11-23T13:34:34","slug":"des-vins-a-carbone-reduit","status":"publish","type":"page","link":"https:\/\/www.domainedelaretiere.fr\/index.php\/des-vins-a-carbone-reduit\/","title":{"rendered":"Des vins \u00e0 carbone r\u00e9duit ?"},"content":{"rendered":"\n<p>Savez vous qu\u2019un Fran\u00e7ais g\u00e9n\u00e8re en moyenne l\u2019\u00e9quivalent de 11 tonnes de CO2 par an, dont environ 25% provient de son alimentation. Une part tr\u00e8s importante et que l\u2019on peut facilement diminuer en faisant les bons choix.<\/p>\n","protected":false},"excerpt":{"rendered":"<p>Savez vous qu\u2019un Fran\u00e7ais g\u00e9n\u00e8re en moyenne l\u2019\u00e9quivalent de 11 tonnes de CO2 par an, dont environ 25% provient de son alimentation. Une part tr\u00e8s importante et que l\u2019on peut facilement diminuer en faisant les bons choix.<\/p>\n","protected":false},"author":1,"featured_media":0,"parent":0,"menu_order":0,"comment_status":"closed","ping_status":"closed","template":"","meta":{"footnotes":""},"class_list":["post-7","page","type-page","status-publish","hentry"],"aioseo_notices":[],"_links":{"self":[{"href":"https:\/\/www.domainedelaretiere.fr\/index.php\/wp-json\/wp\/v2\/pages\/7","targetHints":{"allow":["GET"]}}],"collection":[{"href":"https:\/\/www.domainedelaretiere.fr\/index.php\/wp-json\/wp\/v2\/pages"}],"about":[{"href":"https:\/\/www.domainedelaretiere.fr\/index.php\/wp-json\/wp\/v2\/types\/page"}],"author":[{"embeddable":true,"href":"https:\/\/www.domainedelaretiere.fr\/index.php\/wp-json\/wp\/v2\/users\/1"}],"replies":[{"embeddable":true,"href":"https:\/\/www.domainedelaretiere.fr\/index.php\/wp-json\/wp\/v2\/comments?post=7"}],"version-history":[{"count":3,"href":"https:\/\/www.domainedelaretiere.fr\/index.php\/wp-json\/wp\/v2\/pages\/7\/revisions"}],"predecessor-version":[{"id":10,"href":"https:\/\/www.domainedelaretiere.fr\/index.php\/wp-json\/wp\/v2\/pages\/7\/revisions\/10"}],"wp:attachment":[{"href":"https:\/\/www.domainedelaretiere.fr\/index.php\/wp-json\/wp\/v2\/media?parent=7"}],"curies":[{"name":"wp","href":"https:\/\/api.w.org\/{rel}","templated":true}]}}