{"id":44,"date":"2024-11-23T14:49:40","date_gmt":"2024-11-23T13:49:40","guid":{"rendered":"https:\/\/www.domainedelaretiere.fr\/?page_id=44"},"modified":"2024-11-23T14:49:40","modified_gmt":"2024-11-23T13:49:40","slug":"ou-trouver-nos-vins","status":"publish","type":"page","link":"https:\/\/www.domainedelaretiere.fr\/index.php\/ou-trouver-nos-vins\/","title":{"rendered":"O\u00f9 trouver nos vins ?"},"content":{"rendered":"\n<figure class=\"wp-block-image\"><img decoding=\"async\" src=\"https:\/\/web.archive.org\/web\/20240530201350im_\/https:\/\/www.orp-jauche.be\/images-documents\/en-construction.jpg\/@@images\/9baf2cc2-9789-42e7-b4a6-8e409a08700b.jpeg\" alt=\"Vie scolaire \u00e2\u0080\u0093 Coll\u00c3\u00a8ge Raoul Dufy\"\/><\/figure>\n\n\n\n<p>Toujours dans le but de r\u00e9duire l\u2019impact carbone, nous envisageons d\u2019utiliser un maillage de points relais et de caviste. Ceci permet de grouper les transports et par cons\u00e9quent de diminuer le poids du carbone par bouteille.<\/p>\n\n\n\n<figure class=\"wp-block-image\"><img decoding=\"async\" src=\"https:\/\/web.archive.org\/web\/20240530201350im_\/https:\/\/www.delta-equipement.fr\/cbx\/_hcc\/n_353_2_lesaviezvous.png\" alt=\"Le Saviez-vous...!\"\/><\/figure>\n\n\n\n<p>Le transport d\u2019un carton de 6 bouteilles (soit un total de 10kg de CO2 pour l\u2019ensemble de son \u00e9laboration) par transport \u201cexpress\u201d repr\u00e9sente environ l\u2019\u00e9quivalent de 20kg de CO2 par tranche de 100km de trajet exclusivement d\u00e9di\u00e9.<\/p>\n\n\n\n<p>Si nous utilisons un r\u00e9seau de distribution group\u00e9 d\u00e9j\u00e0 en transit, on peut r\u00e9duire ce chiffre par 100! ce qui rend l\u2019impact \u00e9cologique de la logistique acceptable.<\/p>\n\n\n\n<p>Pour tous renseignements:&nbsp;<a rel=\"noreferrer noopener\" href=\"https:\/\/web.archive.org\/web\/20240530201350\/mailto:contact@domainedelaretiere.fr\" target=\"_blank\">contact@domainedelaretiere.fr<\/a><\/p>\n\n\n\n<figure class=\"wp-block-image\"><a href=\"https:\/\/web.archive.org\/web\/20240530201350\/https:\/\/commons.wikimedia.org\/wiki\/File:Wine_cellar.jpg\"><img decoding=\"async\" src=\"https:\/\/web.archive.org\/web\/20240530201350im_\/https:\/\/upload.wikimedia.org\/wikipedia\/commons\/thumb\/6\/65\/Wine_cellar.jpg\/512px-Wine_cellar.jpg\" alt=\"Wine cellar\"\/><\/a><\/figure>\n","protected":false},"excerpt":{"rendered":"<p>Toujours dans le but de r\u00e9duire l\u2019impact carbone, nous envisageons d\u2019utiliser un maillage de points relais et de caviste. Ceci permet de grouper les transports et par cons\u00e9quent de diminuer le poids du carbone par bouteille. Le transport d\u2019un carton de 6 bouteilles (soit un total de 10kg de CO2 pour l\u2019ensemble de son \u00e9laboration) [&hellip;]<\/p>\n","protected":false},"author":1,"featured_media":0,"parent":0,"menu_order":0,"comment_status":"closed","ping_status":"closed","template":"","meta":{"footnotes":""},"class_list":["post-44","page","type-page","status-publish","hentry"],"aioseo_notices":[],"_links":{"self":[{"href":"https:\/\/www.domainedelaretiere.fr\/index.php\/wp-json\/wp\/v2\/pages\/44","targetHints":{"allow":["GET"]}}],"collection":[{"href":"https:\/\/www.domainedelaretiere.fr\/index.php\/wp-json\/wp\/v2\/pages"}],"about":[{"href":"https:\/\/www.domainedelaretiere.fr\/index.php\/wp-json\/wp\/v2\/types\/page"}],"author":[{"embeddable":true,"href":"https:\/\/www.domainedelaretiere.fr\/index.php\/wp-json\/wp\/v2\/users\/1"}],"replies":[{"embeddable":true,"href":"https:\/\/www.domainedelaretiere.fr\/index.php\/wp-json\/wp\/v2\/comments?post=44"}],"version-history":[{"count":1,"href":"https:\/\/www.domainedelaretiere.fr\/index.php\/wp-json\/wp\/v2\/pages\/44\/revisions"}],"predecessor-version":[{"id":45,"href":"https:\/\/www.domainedelaretiere.fr\/index.php\/wp-json\/wp\/v2\/pages\/44\/revisions\/45"}],"wp:attachment":[{"href":"https:\/\/www.domainedelaretiere.fr\/index.php\/wp-json\/wp\/v2\/media?parent=44"}],"curies":[{"name":"wp","href":"https:\/\/api.w.org\/{rel}","templated":true}]}}