{"id":42,"date":"2024-11-23T14:48:14","date_gmt":"2024-11-23T13:48:14","guid":{"rendered":"https:\/\/www.domainedelaretiere.fr\/?page_id=42"},"modified":"2024-11-23T14:48:14","modified_gmt":"2024-11-23T13:48:14","slug":"le-martin-pecheur","status":"publish","type":"page","link":"https:\/\/www.domainedelaretiere.fr\/index.php\/le-martin-pecheur\/","title":{"rendered":"Le Martin P\u00eacheur"},"content":{"rendered":"\n<figure class=\"wp-block-image\"><img decoding=\"async\" src=\"https:\/\/web.archive.org\/web\/20240530194811im_\/https:\/\/domainedelaretiere.fr\/wp-content\/uploads\/elementor\/thumbs\/6.1-Bouteille-Methode-Traditionnelle-qcjxej2r19vpm11u47byp2dyxd1c84aii417a5yhgw.png\" alt=\"Martin P\u00eacheur\" title=\"6.1-Bouteille Methode Traditionnelle\"\/><\/figure>\n\n\n\n<h2 class=\"wp-block-heading\">Appellation<\/h2>\n\n\n\n<p>M\u00e9thode Traditionnelle. Brut.<\/p>\n\n\n\n<h2 class=\"wp-block-heading\">C\u00e9page<\/h2>\n\n\n\n<p>Chardonnay, Folle Blanche.<\/p>\n\n\n\n<h2 class=\"wp-block-heading\">D\u00e9gustation<\/h2>\n\n\n\n<p>Avec sa robe p\u00e2le anim\u00e9e d\u2019une fine effervescence, ses parfums subtils de fruits frais et sa bouche ronde et harmonieuse, vin de f\u00eate et de convivialit\u00e9 saura vous s\u00e9duire!<\/p>\n\n\n\n<h2 class=\"wp-block-heading\">Accompagnement<\/h2>\n\n\n\n<p>La temp\u00e9rature id\u00e9ale de ce vin se situe entre 8 et 10\u00b0.<\/p>\n\n\n\n<p>Il se boit frais, en ap\u00e9ritif, ou au cours des repas de f\u00eates.<\/p>\n\n\n\n<h2 class=\"wp-block-heading\">Garde<\/h2>\n\n\n\n<p>Pr\u00eat \u00e0 boire. Peut se conserver quelques ann\u00e9es.<\/p>\n\n\n\n<h2 class=\"wp-block-heading\">Conditionnement<\/h2>\n\n\n\n<p>En bouteille de 75 cl.<\/p>\n","protected":false},"excerpt":{"rendered":"<p>Appellation M\u00e9thode Traditionnelle. Brut. C\u00e9page Chardonnay, Folle Blanche. D\u00e9gustation Avec sa robe p\u00e2le anim\u00e9e d\u2019une fine effervescence, ses parfums subtils de fruits frais et sa bouche ronde et harmonieuse, vin de f\u00eate et de convivialit\u00e9 saura vous s\u00e9duire! Accompagnement La temp\u00e9rature id\u00e9ale de ce vin se situe entre 8 et 10\u00b0. Il se boit frais, [&hellip;]<\/p>\n","protected":false},"author":1,"featured_media":0,"parent":0,"menu_order":0,"comment_status":"closed","ping_status":"closed","template":"","meta":{"footnotes":""},"class_list":["post-42","page","type-page","status-publish","hentry"],"aioseo_notices":[],"_links":{"self":[{"href":"https:\/\/www.domainedelaretiere.fr\/index.php\/wp-json\/wp\/v2\/pages\/42","targetHints":{"allow":["GET"]}}],"collection":[{"href":"https:\/\/www.domainedelaretiere.fr\/index.php\/wp-json\/wp\/v2\/pages"}],"about":[{"href":"https:\/\/www.domainedelaretiere.fr\/index.php\/wp-json\/wp\/v2\/types\/page"}],"author":[{"embeddable":true,"href":"https:\/\/www.domainedelaretiere.fr\/index.php\/wp-json\/wp\/v2\/users\/1"}],"replies":[{"embeddable":true,"href":"https:\/\/www.domainedelaretiere.fr\/index.php\/wp-json\/wp\/v2\/comments?post=42"}],"version-history":[{"count":1,"href":"https:\/\/www.domainedelaretiere.fr\/index.php\/wp-json\/wp\/v2\/pages\/42\/revisions"}],"predecessor-version":[{"id":43,"href":"https:\/\/www.domainedelaretiere.fr\/index.php\/wp-json\/wp\/v2\/pages\/42\/revisions\/43"}],"wp:attachment":[{"href":"https:\/\/www.domainedelaretiere.fr\/index.php\/wp-json\/wp\/v2\/media?parent=42"}],"curies":[{"name":"wp","href":"https:\/\/api.w.org\/{rel}","templated":true}]}}