{"id":40,"date":"2024-11-23T14:47:41","date_gmt":"2024-11-23T13:47:41","guid":{"rendered":"https:\/\/www.domainedelaretiere.fr\/?page_id=40"},"modified":"2024-11-23T14:47:41","modified_gmt":"2024-11-23T13:47:41","slug":"pinot-noir","status":"publish","type":"page","link":"https:\/\/www.domainedelaretiere.fr\/index.php\/pinot-noir\/","title":{"rendered":"PINOT NOIR"},"content":{"rendered":"\n<figure class=\"wp-block-image\"><img decoding=\"async\" src=\"https:\/\/web.archive.org\/web\/20240718194626im_\/https:\/\/domainedelaretiere.fr\/wp-content\/uploads\/2022\/01\/image-258x1024.png\" alt=\"\" class=\"wp-image-885\"\/><\/figure>\n\n\n\n<h2 class=\"wp-block-heading\">Appellation<\/h2>\n\n\n\n<p>Vin Val de Loire, avec Indication G\u00e9ographique Prot\u00e9g\u00e9e (IGP), Vin rouge sec.<\/p>\n\n\n\n<h2 class=\"wp-block-heading\">C\u00e9page<\/h2>\n\n\n\n<p>Pinot Noir 100%.<\/p>\n\n\n\n<h2 class=\"wp-block-heading\">D\u00e9gustation<\/h2>\n\n\n\n<p>Ar\u00f4mes fruit\u00e9s \u00e9voquant les fruits rouges et notamment la cerise.<\/p>\n\n\n\n<h2 class=\"wp-block-heading\">Accompagnement<\/h2>\n\n\n\n<p>Avec sa robe rouge rubis, ce mono c\u00e9page Pinot Noir, est un bel \u00e9quilibre entre la fraicheur, le fruit et la gourmandise.<\/p>\n\n\n\n<p>D\u2019une grande finesse, il se mariera parfaitement en entr\u00e9e avec de la charcuterie, des viandes blanches et rouges, mais aussi vous surprendra servi un peu frais lors d\u2019un ap\u00e9ritif.<\/p>\n\n\n\n<h2 class=\"wp-block-heading\">Garde<\/h2>\n\n\n\n<p>Pr\u00eat \u00e0 boire. Peut se conserver quelques ann\u00e9es.<\/p>\n\n\n\n<h2 class=\"wp-block-heading\">Conditionnement<\/h2>\n\n\n\n<p>En bouteille de 75 cl.<\/p>\n","protected":false},"excerpt":{"rendered":"<p>Appellation Vin Val de Loire, avec Indication G\u00e9ographique Prot\u00e9g\u00e9e (IGP), Vin rouge sec. C\u00e9page Pinot Noir 100%. D\u00e9gustation Ar\u00f4mes fruit\u00e9s \u00e9voquant les fruits rouges et notamment la cerise. Accompagnement Avec sa robe rouge rubis, ce mono c\u00e9page Pinot Noir, est un bel \u00e9quilibre entre la fraicheur, le fruit et la gourmandise. D\u2019une grande finesse, il [&hellip;]<\/p>\n","protected":false},"author":1,"featured_media":0,"parent":0,"menu_order":0,"comment_status":"closed","ping_status":"closed","template":"","meta":{"footnotes":""},"class_list":["post-40","page","type-page","status-publish","hentry"],"aioseo_notices":[],"_links":{"self":[{"href":"https:\/\/www.domainedelaretiere.fr\/index.php\/wp-json\/wp\/v2\/pages\/40","targetHints":{"allow":["GET"]}}],"collection":[{"href":"https:\/\/www.domainedelaretiere.fr\/index.php\/wp-json\/wp\/v2\/pages"}],"about":[{"href":"https:\/\/www.domainedelaretiere.fr\/index.php\/wp-json\/wp\/v2\/types\/page"}],"author":[{"embeddable":true,"href":"https:\/\/www.domainedelaretiere.fr\/index.php\/wp-json\/wp\/v2\/users\/1"}],"replies":[{"embeddable":true,"href":"https:\/\/www.domainedelaretiere.fr\/index.php\/wp-json\/wp\/v2\/comments?post=40"}],"version-history":[{"count":1,"href":"https:\/\/www.domainedelaretiere.fr\/index.php\/wp-json\/wp\/v2\/pages\/40\/revisions"}],"predecessor-version":[{"id":41,"href":"https:\/\/www.domainedelaretiere.fr\/index.php\/wp-json\/wp\/v2\/pages\/40\/revisions\/41"}],"wp:attachment":[{"href":"https:\/\/www.domainedelaretiere.fr\/index.php\/wp-json\/wp\/v2\/media?parent=40"}],"curies":[{"name":"wp","href":"https:\/\/api.w.org\/{rel}","templated":true}]}}