{"id":36,"date":"2024-11-23T14:46:37","date_gmt":"2024-11-23T13:46:37","guid":{"rendered":"https:\/\/www.domainedelaretiere.fr\/?page_id=36"},"modified":"2024-11-23T14:46:37","modified_gmt":"2024-11-23T13:46:37","slug":"merlot-rose","status":"publish","type":"page","link":"https:\/\/www.domainedelaretiere.fr\/index.php\/merlot-rose\/","title":{"rendered":"MERLOT ROSE"},"content":{"rendered":"\n<figure class=\"wp-block-image\"><img decoding=\"async\" src=\"https:\/\/web.archive.org\/web\/20240618085619im_\/https:\/\/domainedelaretiere.fr\/wp-content\/uploads\/2020\/11\/image-6-257x1024.png\" alt=\"\" class=\"wp-image-567\"\/><\/figure>\n\n\n\n<h2 class=\"wp-block-heading\">Appellation<\/h2>\n\n\n\n<p>Vin du Pays du Val de Loire, avec Indication G\u00e9ographique Prot\u00e9g\u00e9e (IGP), Vin ros\u00e9 sec.<\/p>\n\n\n\n<h2 class=\"wp-block-heading\">C\u00e9page<\/h2>\n\n\n\n<p>Merlot 100%.<\/p>\n\n\n\n<h2 class=\"wp-block-heading\">D\u00e9gustation<\/h2>\n\n\n\n<p>Ce ros\u00e9 sec, avec beaucoup de fraicheur, est tr\u00e8s gourmand avec des ar\u00f4mes intenses de confiseries et de petits fruits rouges.<\/p>\n\n\n\n<h2 class=\"wp-block-heading\">Accompagnement<\/h2>\n\n\n\n<p>A d\u00e9couvrir \u00e0 l\u2019ap\u00e9ritif, ou en accompagnement de vos crudit\u00e9s, charcuteries ou encore vos plats de p\u00e2tes.<\/p>\n\n\n\n<h2 class=\"wp-block-heading\">Garde<\/h2>\n\n\n\n<p>Pr\u00eat \u00e0 boire. Peut se conserver quelques ann\u00e9es.<\/p>\n\n\n\n<h2 class=\"wp-block-heading\">Conditionnement<\/h2>\n\n\n\n<p>En bouteille de 75 cl.<\/p>\n","protected":false},"excerpt":{"rendered":"<p>Appellation Vin du Pays du Val de Loire, avec Indication G\u00e9ographique Prot\u00e9g\u00e9e (IGP), Vin ros\u00e9 sec. C\u00e9page Merlot 100%. D\u00e9gustation Ce ros\u00e9 sec, avec beaucoup de fraicheur, est tr\u00e8s gourmand avec des ar\u00f4mes intenses de confiseries et de petits fruits rouges. Accompagnement A d\u00e9couvrir \u00e0 l\u2019ap\u00e9ritif, ou en accompagnement de vos crudit\u00e9s, charcuteries ou encore [&hellip;]<\/p>\n","protected":false},"author":1,"featured_media":0,"parent":0,"menu_order":0,"comment_status":"closed","ping_status":"closed","template":"","meta":{"footnotes":""},"class_list":["post-36","page","type-page","status-publish","hentry"],"aioseo_notices":[],"_links":{"self":[{"href":"https:\/\/www.domainedelaretiere.fr\/index.php\/wp-json\/wp\/v2\/pages\/36","targetHints":{"allow":["GET"]}}],"collection":[{"href":"https:\/\/www.domainedelaretiere.fr\/index.php\/wp-json\/wp\/v2\/pages"}],"about":[{"href":"https:\/\/www.domainedelaretiere.fr\/index.php\/wp-json\/wp\/v2\/types\/page"}],"author":[{"embeddable":true,"href":"https:\/\/www.domainedelaretiere.fr\/index.php\/wp-json\/wp\/v2\/users\/1"}],"replies":[{"embeddable":true,"href":"https:\/\/www.domainedelaretiere.fr\/index.php\/wp-json\/wp\/v2\/comments?post=36"}],"version-history":[{"count":1,"href":"https:\/\/www.domainedelaretiere.fr\/index.php\/wp-json\/wp\/v2\/pages\/36\/revisions"}],"predecessor-version":[{"id":37,"href":"https:\/\/www.domainedelaretiere.fr\/index.php\/wp-json\/wp\/v2\/pages\/36\/revisions\/37"}],"wp:attachment":[{"href":"https:\/\/www.domainedelaretiere.fr\/index.php\/wp-json\/wp\/v2\/media?parent=36"}],"curies":[{"name":"wp","href":"https:\/\/api.w.org\/{rel}","templated":true}]}}