{"id":34,"date":"2024-11-23T14:46:03","date_gmt":"2024-11-23T13:46:03","guid":{"rendered":"https:\/\/www.domainedelaretiere.fr\/?page_id=34"},"modified":"2024-11-23T14:46:03","modified_gmt":"2024-11-23T13:46:03","slug":"sauvignon-blanc","status":"publish","type":"page","link":"https:\/\/www.domainedelaretiere.fr\/index.php\/sauvignon-blanc\/","title":{"rendered":"SAUVIGNON BLANC"},"content":{"rendered":"\n<figure class=\"wp-block-image\"><img decoding=\"async\" src=\"https:\/\/web.archive.org\/web\/20240718202956im_\/https:\/\/domainedelaretiere.fr\/wp-content\/uploads\/2020\/11\/image-5-263x1024.png\" alt=\"\" class=\"wp-image-558\"\/><\/figure>\n\n\n\n<h2 class=\"wp-block-heading\">Appellation<\/h2>\n\n\n\n<p>Vin du Pays du Val de Loire, avec Indication G\u00e9ographique Prot\u00e9g\u00e9e (IGP), Vin blanc sec.<\/p>\n\n\n\n<h2 class=\"wp-block-heading\">C\u00e9page<\/h2>\n\n\n\n<p>Sauvignon 100%.<\/p>\n\n\n\n<h2 class=\"wp-block-heading\">D\u00e9gustation<\/h2>\n\n\n\n<p>Avec ces ar\u00f4mes typiques de fruits blancs et d\u2019agrumes, ce vin poss\u00e8de une belle fraicheur tout en restant rond sur les papilles.<\/p>\n\n\n\n<h2 class=\"wp-block-heading\">Accompagnement<\/h2>\n\n\n\n<p>La temp\u00e9rature id\u00e9ale de ce vin se situe entre 8 et 10\u00b0. Il se boit frais, en ap\u00e9ritif, ou au cours des repas.<\/p>\n\n\n\n<p>Sa jolie trame florale promet de belles affinit\u00e9s avec vos plats de fruits de mers, salades d\u2019\u00e9t\u00e9, fromages de ch\u00e8vre, ou tout simplement \u00e0 l\u2019ap\u00e9ritif.<\/p>\n\n\n\n<h2 class=\"wp-block-heading\">Garde<\/h2>\n\n\n\n<p>Pr\u00eat \u00e0 boire. Peut se conserver quelques ann\u00e9es.<\/p>\n\n\n\n<h2 class=\"wp-block-heading\">Conditionnement<\/h2>\n\n\n\n<p>En bouteille de 75 cl.<\/p>\n","protected":false},"excerpt":{"rendered":"<p>Appellation Vin du Pays du Val de Loire, avec Indication G\u00e9ographique Prot\u00e9g\u00e9e (IGP), Vin blanc sec. C\u00e9page Sauvignon 100%. D\u00e9gustation Avec ces ar\u00f4mes typiques de fruits blancs et d\u2019agrumes, ce vin poss\u00e8de une belle fraicheur tout en restant rond sur les papilles. Accompagnement La temp\u00e9rature id\u00e9ale de ce vin se situe entre 8 et 10\u00b0. [&hellip;]<\/p>\n","protected":false},"author":1,"featured_media":0,"parent":0,"menu_order":0,"comment_status":"closed","ping_status":"closed","template":"","meta":{"footnotes":""},"class_list":["post-34","page","type-page","status-publish","hentry"],"aioseo_notices":[],"_links":{"self":[{"href":"https:\/\/www.domainedelaretiere.fr\/index.php\/wp-json\/wp\/v2\/pages\/34","targetHints":{"allow":["GET"]}}],"collection":[{"href":"https:\/\/www.domainedelaretiere.fr\/index.php\/wp-json\/wp\/v2\/pages"}],"about":[{"href":"https:\/\/www.domainedelaretiere.fr\/index.php\/wp-json\/wp\/v2\/types\/page"}],"author":[{"embeddable":true,"href":"https:\/\/www.domainedelaretiere.fr\/index.php\/wp-json\/wp\/v2\/users\/1"}],"replies":[{"embeddable":true,"href":"https:\/\/www.domainedelaretiere.fr\/index.php\/wp-json\/wp\/v2\/comments?post=34"}],"version-history":[{"count":1,"href":"https:\/\/www.domainedelaretiere.fr\/index.php\/wp-json\/wp\/v2\/pages\/34\/revisions"}],"predecessor-version":[{"id":35,"href":"https:\/\/www.domainedelaretiere.fr\/index.php\/wp-json\/wp\/v2\/pages\/34\/revisions\/35"}],"wp:attachment":[{"href":"https:\/\/www.domainedelaretiere.fr\/index.php\/wp-json\/wp\/v2\/media?parent=34"}],"curies":[{"name":"wp","href":"https:\/\/api.w.org\/{rel}","templated":true}]}}