{"id":32,"date":"2024-11-23T14:45:28","date_gmt":"2024-11-23T13:45:28","guid":{"rendered":"https:\/\/www.domainedelaretiere.fr\/?page_id=32"},"modified":"2024-11-23T14:45:28","modified_gmt":"2024-11-23T13:45:28","slug":"chardonnay","status":"publish","type":"page","link":"https:\/\/www.domainedelaretiere.fr\/index.php\/chardonnay\/","title":{"rendered":"CHARDONNAY"},"content":{"rendered":"\n<figure class=\"wp-block-image\"><img decoding=\"async\" src=\"https:\/\/web.archive.org\/web\/20240718210245im_\/https:\/\/domainedelaretiere.fr\/wp-content\/uploads\/2020\/11\/image-3-261x1024.png\" alt=\"\" class=\"wp-image-540\"\/><\/figure>\n\n\n\n<h2 class=\"wp-block-heading\">Appellation<\/h2>\n\n\n\n<p>Vin du Pays du Val de Loire, avec Indication G\u00e9ographique Prot\u00e9g\u00e9e (IGP), Vin blanc sec.<\/p>\n\n\n\n<h2 class=\"wp-block-heading\">C\u00e9page<\/h2>\n\n\n\n<p>Chardonnay 100%.<\/p>\n\n\n\n<h2 class=\"wp-block-heading\">D\u00e9gustation<\/h2>\n\n\n\n<p>Ce vin ample et \u00e9l\u00e9gant, issu du c\u00e9page le plus connu dans le monde, s\u2019exprime sur des ar\u00f4mes de fleurs blanches, de noisettes et d\u2019amandes. Sa robe jaune clair est nuanc\u00e9e d\u2019or.<\/p>\n\n\n\n<h2 class=\"wp-block-heading\">Accompagnement<\/h2>\n\n\n\n<p>La temp\u00e9rature id\u00e9ale de ce vin se situe entre 8 et 10\u00b0. Il se boit frais, en ap\u00e9ritif ou au cours des repas.<\/p>\n\n\n\n<p>Grace \u00e0 sa richesse et le bon \u00e9quilibre entre le sucre et l\u2019acidit\u00e9, il est le compagnon id\u00e9al avec le homard, le crabe et autres poissons gras, tout comme les viandes blanches ou bien encore le porc et les fromages \u00e0 p\u00e2tes dures.<\/p>\n\n\n\n<h2 class=\"wp-block-heading\">Garde<\/h2>\n\n\n\n<p>Pr\u00eat \u00e0 boire. Peut se conserver quelques ann\u00e9es.<\/p>\n\n\n\n<h2 class=\"wp-block-heading\">Conditionnement<\/h2>\n\n\n\n<p>Ce Chardonnay est disponible en bouteille de 75 cl<\/p>\n","protected":false},"excerpt":{"rendered":"<p>Appellation Vin du Pays du Val de Loire, avec Indication G\u00e9ographique Prot\u00e9g\u00e9e (IGP), Vin blanc sec. C\u00e9page Chardonnay 100%. D\u00e9gustation Ce vin ample et \u00e9l\u00e9gant, issu du c\u00e9page le plus connu dans le monde, s\u2019exprime sur des ar\u00f4mes de fleurs blanches, de noisettes et d\u2019amandes. Sa robe jaune clair est nuanc\u00e9e d\u2019or. Accompagnement La temp\u00e9rature [&hellip;]<\/p>\n","protected":false},"author":1,"featured_media":0,"parent":0,"menu_order":0,"comment_status":"closed","ping_status":"closed","template":"","meta":{"footnotes":""},"class_list":["post-32","page","type-page","status-publish","hentry"],"aioseo_notices":[],"_links":{"self":[{"href":"https:\/\/www.domainedelaretiere.fr\/index.php\/wp-json\/wp\/v2\/pages\/32","targetHints":{"allow":["GET"]}}],"collection":[{"href":"https:\/\/www.domainedelaretiere.fr\/index.php\/wp-json\/wp\/v2\/pages"}],"about":[{"href":"https:\/\/www.domainedelaretiere.fr\/index.php\/wp-json\/wp\/v2\/types\/page"}],"author":[{"embeddable":true,"href":"https:\/\/www.domainedelaretiere.fr\/index.php\/wp-json\/wp\/v2\/users\/1"}],"replies":[{"embeddable":true,"href":"https:\/\/www.domainedelaretiere.fr\/index.php\/wp-json\/wp\/v2\/comments?post=32"}],"version-history":[{"count":2,"href":"https:\/\/www.domainedelaretiere.fr\/index.php\/wp-json\/wp\/v2\/pages\/32\/revisions"}],"predecessor-version":[{"id":122,"href":"https:\/\/www.domainedelaretiere.fr\/index.php\/wp-json\/wp\/v2\/pages\/32\/revisions\/122"}],"wp:attachment":[{"href":"https:\/\/www.domainedelaretiere.fr\/index.php\/wp-json\/wp\/v2\/media?parent=32"}],"curies":[{"name":"wp","href":"https:\/\/api.w.org\/{rel}","templated":true}]}}