{"id":28,"date":"2024-11-23T14:44:13","date_gmt":"2024-11-23T13:44:13","guid":{"rendered":"https:\/\/www.domainedelaretiere.fr\/?page_id=28"},"modified":"2024-11-23T14:44:13","modified_gmt":"2024-11-23T13:44:13","slug":"muscadet-cotes-de-grandlieu-sur-lie","status":"publish","type":"page","link":"https:\/\/www.domainedelaretiere.fr\/index.php\/muscadet-cotes-de-grandlieu-sur-lie\/","title":{"rendered":"MUSCADET C\u00d4TES DE GRANDLIEU SUR LIE"},"content":{"rendered":"\n<figure class=\"wp-block-image\"><img decoding=\"async\" src=\"https:\/\/web.archive.org\/web\/20240530183753im_\/https:\/\/domainedelaretiere.fr\/wp-content\/uploads\/2020\/06\/image-297x1024.png\" alt=\"L\u00c3\u00a2\u00c2\u0080\u00c2\u0099attribut alt de cette image est vide, son nom de fichier est image-297x1024.png.\"\/><\/figure>\n\n\n\n<h2 class=\"wp-block-heading\">Appellation<\/h2>\n\n\n\n<p>Muscadet C\u00f4tes de Grandlieu sur Lie, avec Apellation d\u2019Origine Control\u00e9e (AOC), Vin blanc sec.<\/p>\n\n\n\n<h2 class=\"wp-block-heading\">C\u00e9page<\/h2>\n\n\n\n<p>Melon de Bourgogne 100%.<\/p>\n\n\n\n<h2 class=\"wp-block-heading\">D\u00e9gustation<\/h2>\n\n\n\n<p>Ce Muscadet tire sa sp\u00e9cificit\u00e9 d\u2019un terroir adapt\u00e9 \u00e0 son c\u00e9page : un climat \u00e0 tendance oc\u00e9anique coupl\u00e9 \u00e0 un sol de granite et de schiste. Sa qualit\u00e9 provient d\u2019une s\u00e9lection exigeante de vignes de diff\u00e9rents \u00e2ges, de vendanges saines et d\u2019une vinification rigoureuse et soign\u00e9e. Ce Muscadet a \u00e9t\u00e9 vieilli sur ses lies pendant 9 mois ce qui lui donnent sa fra\u00eecheur et \u00e0 son caract\u00e8re \u00ab perlant \u00bb. Ses ar\u00f4mes floraux et fruit\u00e9s s\u2019associent \u00e0 un nez domin\u00e9 par des parfums min\u00e9raux. Sa saveur et sa complexit\u00e9 en font un vin d\u2019une finesse particuli\u00e8re.<\/p>\n\n\n\n<h2 class=\"wp-block-heading\">Accompagnement<\/h2>\n\n\n\n<p>La temp\u00e9rature id\u00e9ale de ce vin se situe entre 10 et 12\u00b0. Il se boit frais, en ap\u00e9ritif ou au cours des repas. Il s\u2019accorde \u00e0 merveille avec les hu\u00eetres, les coquillages, les fruits de mer, les poissons et les viandes blanches.<\/p>\n\n\n\n<h2 class=\"wp-block-heading\">Garde<\/h2>\n\n\n\n<p>Pr\u00eat \u00e0 boire. Peut se conserver quelques ann\u00e9es.<\/p>\n\n\n\n<h2 class=\"wp-block-heading\">Conditionnement<\/h2>\n\n\n\n<p>En bouteille de 75 cl.<\/p>\n\n\n\n<p><\/p>\n","protected":false},"excerpt":{"rendered":"<p>Appellation Muscadet C\u00f4tes de Grandlieu sur Lie, avec Apellation d\u2019Origine Control\u00e9e (AOC), Vin blanc sec. C\u00e9page Melon de Bourgogne 100%. D\u00e9gustation Ce Muscadet tire sa sp\u00e9cificit\u00e9 d\u2019un terroir adapt\u00e9 \u00e0 son c\u00e9page : un climat \u00e0 tendance oc\u00e9anique coupl\u00e9 \u00e0 un sol de granite et de schiste. Sa qualit\u00e9 provient d\u2019une s\u00e9lection exigeante de vignes [&hellip;]<\/p>\n","protected":false},"author":1,"featured_media":0,"parent":0,"menu_order":0,"comment_status":"closed","ping_status":"closed","template":"","meta":{"footnotes":""},"class_list":["post-28","page","type-page","status-publish","hentry"],"aioseo_notices":[],"_links":{"self":[{"href":"https:\/\/www.domainedelaretiere.fr\/index.php\/wp-json\/wp\/v2\/pages\/28","targetHints":{"allow":["GET"]}}],"collection":[{"href":"https:\/\/www.domainedelaretiere.fr\/index.php\/wp-json\/wp\/v2\/pages"}],"about":[{"href":"https:\/\/www.domainedelaretiere.fr\/index.php\/wp-json\/wp\/v2\/types\/page"}],"author":[{"embeddable":true,"href":"https:\/\/www.domainedelaretiere.fr\/index.php\/wp-json\/wp\/v2\/users\/1"}],"replies":[{"embeddable":true,"href":"https:\/\/www.domainedelaretiere.fr\/index.php\/wp-json\/wp\/v2\/comments?post=28"}],"version-history":[{"count":1,"href":"https:\/\/www.domainedelaretiere.fr\/index.php\/wp-json\/wp\/v2\/pages\/28\/revisions"}],"predecessor-version":[{"id":29,"href":"https:\/\/www.domainedelaretiere.fr\/index.php\/wp-json\/wp\/v2\/pages\/28\/revisions\/29"}],"wp:attachment":[{"href":"https:\/\/www.domainedelaretiere.fr\/index.php\/wp-json\/wp\/v2\/media?parent=28"}],"curies":[{"name":"wp","href":"https:\/\/api.w.org\/{rel}","templated":true}]}}