{"id":20,"date":"2024-11-23T14:39:43","date_gmt":"2024-11-23T13:39:43","guid":{"rendered":"https:\/\/www.domainedelaretiere.fr\/?page_id=20"},"modified":"2024-11-23T14:39:43","modified_gmt":"2024-11-23T13:39:43","slug":"nos-vignes","status":"publish","type":"page","link":"https:\/\/www.domainedelaretiere.fr\/index.php\/nos-vignes\/","title":{"rendered":"Nos vignes"},"content":{"rendered":"\n<p>Notre r\u00e9gion, le Val de Loire, s\u2019inscrit dans une&nbsp;<strong>tradition de production de vins blancs d\u2019appellation<\/strong>. Historiquement, notre sp\u00e9cificit\u00e9 est de produire des vins blancs secs, \u00e0 partir de c\u00e9pages comme le Melon de Bourgogne pour produire le Muscadet C\u00f4tes de Grand Lieu sur Lie ou la Folle Blanche pour le Gros Plant, nos sp\u00e9cialit\u00e9s. Le Melon de Bourgogne est un c\u00e9page&nbsp;<strong>adapt\u00e9 uniquement \u00e0 notre r\u00e9gion<\/strong>, qu\u2019on ne trouvera nulle part ailleurs au monde.<\/p>\n\n\n\n<p>Depuis un certain d\u2019ann\u00e9e, le vignoble s\u2019est enrichit de c\u00e9pages plus mondialis\u00e9 comme le Chardonnay et le Sauvignon dans le but de s\u2019adapter \u00e0 la demande des clients et de produire des vins&nbsp;<strong>IGP Pays Val de Loire<\/strong>.<\/p>\n\n\n\n<p>Notre vignoble est compos\u00e9 de diff\u00e9rents c\u00e9pages.<br><strong>Un c\u00e9page&nbsp;<\/strong>est une vari\u00e9t\u00e9 de vigne qui donne un vin sp\u00e9cifique. Chaque c\u00e9page a ses caract\u00e9ristiques comme la couleur des raisins, la forme des feuilles, la dimension des grappes, le go\u00fbt des raisins\u2026<\/p>\n\n\n\n<p><strong>Pour les vins blancs :<\/strong><\/p>\n\n\n\n<figure class=\"wp-block-image\"><img decoding=\"async\" src=\"https:\/\/web.archive.org\/web\/20240413123549im_\/http:\/\/domainedelaretiere.fr\/wp-content\/uploads\/2020\/04\/Gamay.jpg\" alt=\"L\u00e2\u0080\u0099attribut alt de cette image est vide, son nom de fichier est Gamay.jpg.\"\/><figcaption class=\"wp-element-caption\">C\u00e9page Gamay<\/figcaption><\/figure>\n\n\n\n<ul class=\"wp-block-list\">\n<li>le Melon de Bourgogne, pour produire du Muscadet<\/li>\n\n\n\n<li>la Folle Blanche pour produire le Gros Plant<\/li>\n\n\n\n<li>le Chardonnay<\/li>\n\n\n\n<li>le Sauvignon<\/li>\n<\/ul>\n\n\n\n<p><strong>Pour les vins ros\u00e9s et rouges :<\/strong><\/p>\n\n\n\n<ul class=\"wp-block-list\">\n<li>le Gamay<\/li>\n\n\n\n<li>le Cabernet franc<\/li>\n\n\n\n<li>le Cabernet-Sauvignon<\/li>\n\n\n\n<li>le Merlot<\/li>\n\n\n\n<li>Le Pinot Noir<\/li>\n<\/ul>\n\n\n\n<p><strong>Nos vignes sont r\u00e9guli\u00e8rement renouvel\u00e9es<\/strong>. L\u2019esp\u00e9rance de vie d\u2019une vigne est d\u2019environ 40 ans. Nous renouvelons les ceps au fur et \u00e0 mesure de leur d\u00e9t\u00e9rioration, dans le but de garder un \u00e2ge moyen des vignes relativement constant.<\/p>\n\n\n\n<p>Notre taux de renouvellement est d\u2019environ un demi hectare par an.<\/p>\n\n\n\n<figure class=\"wp-block-image\"><img decoding=\"async\" src=\"https:\/\/web.archive.org\/web\/20240413123549im_\/http:\/\/domainedelaretiere.fr\/wp-content\/uploads\/2020\/04\/Vigne_muscadet_2-1024x641.jpg\" alt=\"\" class=\"wp-image-162\"\/><figcaption class=\"wp-element-caption\">Parcelle de Muscadet<\/figcaption><\/figure>\n\n\n\n<p><strong>La taille<\/strong>&nbsp;est faite \u201cen guyot nantais\u201d qui laisse au cep un long sarment et 2 coursons.<\/p>\n\n\n\n<p><strong>Nos vignes sont paliss\u00e9es<\/strong>&nbsp;avec un fil porteur, ce qui est le mode de conduite classique pour le muscadet. Le palissage se fait \u00e0 3 fils dont deux fils releveurs pour certains c\u00e9pages (essentiellement pour les vins rouge tels que le Pinot Noir).<\/p>\n\n\n\n<p><strong>La densit\u00e9 de plantation<\/strong>&nbsp;est comprise entre 6500 et 7500 ceps par hectare, avec un espacement entre les ceps d\u2019environ 1 m\u00e8tre et un \u00e9cartement entre les rangs entre 1,40m et 1,50m.<\/p>\n","protected":false},"excerpt":{"rendered":"<p>Notre r\u00e9gion, le Val de Loire, s\u2019inscrit dans une&nbsp;tradition de production de vins blancs d\u2019appellation. Historiquement, notre sp\u00e9cificit\u00e9 est de produire des vins blancs secs, \u00e0 partir de c\u00e9pages comme le Melon de Bourgogne pour produire le Muscadet C\u00f4tes de Grand Lieu sur Lie ou la Folle Blanche pour le Gros Plant, nos sp\u00e9cialit\u00e9s. Le [&hellip;]<\/p>\n","protected":false},"author":1,"featured_media":0,"parent":0,"menu_order":0,"comment_status":"closed","ping_status":"closed","template":"","meta":{"footnotes":""},"class_list":["post-20","page","type-page","status-publish","hentry"],"aioseo_notices":[],"_links":{"self":[{"href":"https:\/\/www.domainedelaretiere.fr\/index.php\/wp-json\/wp\/v2\/pages\/20","targetHints":{"allow":["GET"]}}],"collection":[{"href":"https:\/\/www.domainedelaretiere.fr\/index.php\/wp-json\/wp\/v2\/pages"}],"about":[{"href":"https:\/\/www.domainedelaretiere.fr\/index.php\/wp-json\/wp\/v2\/types\/page"}],"author":[{"embeddable":true,"href":"https:\/\/www.domainedelaretiere.fr\/index.php\/wp-json\/wp\/v2\/users\/1"}],"replies":[{"embeddable":true,"href":"https:\/\/www.domainedelaretiere.fr\/index.php\/wp-json\/wp\/v2\/comments?post=20"}],"version-history":[{"count":1,"href":"https:\/\/www.domainedelaretiere.fr\/index.php\/wp-json\/wp\/v2\/pages\/20\/revisions"}],"predecessor-version":[{"id":21,"href":"https:\/\/www.domainedelaretiere.fr\/index.php\/wp-json\/wp\/v2\/pages\/20\/revisions\/21"}],"wp:attachment":[{"href":"https:\/\/www.domainedelaretiere.fr\/index.php\/wp-json\/wp\/v2\/media?parent=20"}],"curies":[{"name":"wp","href":"https:\/\/api.w.org\/{rel}","templated":true}]}}