{"id":12,"date":"2024-11-23T14:36:33","date_gmt":"2024-11-23T13:36:33","guid":{"rendered":"https:\/\/www.domainedelaretiere.fr\/?page_id=12"},"modified":"2024-11-23T14:36:33","modified_gmt":"2024-11-23T13:36:33","slug":"pourquoi-reduire-le-carbone","status":"publish","type":"page","link":"https:\/\/www.domainedelaretiere.fr\/index.php\/pourquoi-reduire-le-carbone\/","title":{"rendered":"Pourquoi r\u00e9duire le carbone?"},"content":{"rendered":"\n<p>Contrer le changement climatique est probablement l\u2019un des plus grands d\u00e9fis auxquels nous allons \u00eatre confront\u00e9s dans les d\u00e9cennies \u00e0 venir.<\/p>\n\n\n\n<figure class=\"wp-block-embed is-type-video is-provider-youtube wp-block-embed-youtube wp-embed-aspect-16-9 wp-has-aspect-ratio\"><div class=\"wp-block-embed__wrapper\">\n<iframe loading=\"lazy\" title=\"Watch | NASA&#039;s 3D animation of carbon dioxide in atmosphere\" width=\"640\" height=\"360\" src=\"https:\/\/www.youtube.com\/embed\/SHzRBMBVu-4?feature=oembed\" frameborder=\"0\" allow=\"accelerometer; autoplay; clipboard-write; encrypted-media; gyroscope; picture-in-picture; web-share\" referrerpolicy=\"strict-origin-when-cross-origin\" allowfullscreen><\/iframe>\n<\/div><\/figure>\n\n\n\n<figure class=\"wp-block-image\"><img decoding=\"async\" src=\"https:\/\/web.archive.org\/web\/20240530191415im_\/http:\/\/domainedelaretiere.fr\/wp-content\/uploads\/2020\/05\/Image-sans-titre-3-1.png\" alt=\"\" class=\"wp-image-314\"\/><\/figure>\n\n\n\n<p>Toutes les activit\u00e9s humaines, dont l\u2019activit\u00e9 de la fili\u00e8re viti-vinicole, participent \u00e0 l\u2019augmentation des concentrations en Gaz \u00e0 Effet de Serre (GES) dans l\u2019atmosph\u00e8re. Cette augmentation \u00ab\u00e9paissit\u00bb la vitre de la serre et est donc \u00e0 l\u2019origine de l\u2019augmentation des temp\u00e9ratures, et donc du r\u00e9chauffement climatique.<\/p>\n\n\n\n<p>Il existe une corr\u00e9lation \u00e9tablie entre l\u2019\u00e9volution de la temp\u00e9rature et la concentration en Dioxyde de Carbone (CO2) dans l\u2019atmosph\u00e8re. Selon les experts, afin de ne pas atteindre une augmentation de 2\u00b0C aux cons\u00e9quences d\u00e9vastatrices, il faut absolument stabiliser la concentration du CO2.<\/p>\n\n\n\n<figure class=\"wp-block-image\"><img decoding=\"async\" src=\"https:\/\/web.archive.org\/web\/20240530191415im_\/http:\/\/domainedelaretiere.fr\/wp-content\/uploads\/2020\/05\/Image-sans-titre-1.png\" alt=\"\" class=\"wp-image-315\"\/><\/figure>\n\n\n\n<p>Dans ce contexte, notre domaine a pris l\u2019initiative de r\u00e9duire au maximum notre rejet de GES dans l\u2019atmosph\u00e8re.<\/p>\n\n\n\n<p>Pour se faire, nous quantifions et analysons les \u00e9missions et s\u00e9questration des GES, ce qui nous permet d\u2019orienter nos d\u00e9cisions strat\u00e9giques pour l\u2019ensemble du domaine.<\/p>\n\n\n\n<figure class=\"wp-block-image\"><img decoding=\"async\" src=\"https:\/\/web.archive.org\/web\/20240530191415im_\/http:\/\/domainedelaretiere.fr\/wp-content\/uploads\/2020\/05\/Image-sans-titre-2-1.png\" alt=\"\" class=\"wp-image-313\"\/><\/figure>\n\n\n\n<p>Ceci inclut toutes les \u00e9tapes de travail dans nos vignes, le processus d\u2019\u00e9laboration de notre vin, ainsi que la distribution jusqu\u2019au client final.<\/p>\n","protected":false},"excerpt":{"rendered":"<p>Contrer le changement climatique est probablement l\u2019un des plus grands d\u00e9fis auxquels nous allons \u00eatre confront\u00e9s dans les d\u00e9cennies \u00e0 venir. Toutes les activit\u00e9s humaines, dont l\u2019activit\u00e9 de la fili\u00e8re viti-vinicole, participent \u00e0 l\u2019augmentation des concentrations en Gaz \u00e0 Effet de Serre (GES) dans l\u2019atmosph\u00e8re. Cette augmentation \u00ab\u00e9paissit\u00bb la vitre de la serre et est [&hellip;]<\/p>\n","protected":false},"author":1,"featured_media":0,"parent":0,"menu_order":0,"comment_status":"closed","ping_status":"closed","template":"","meta":{"footnotes":""},"class_list":["post-12","page","type-page","status-publish","hentry"],"aioseo_notices":[],"_links":{"self":[{"href":"https:\/\/www.domainedelaretiere.fr\/index.php\/wp-json\/wp\/v2\/pages\/12","targetHints":{"allow":["GET"]}}],"collection":[{"href":"https:\/\/www.domainedelaretiere.fr\/index.php\/wp-json\/wp\/v2\/pages"}],"about":[{"href":"https:\/\/www.domainedelaretiere.fr\/index.php\/wp-json\/wp\/v2\/types\/page"}],"author":[{"embeddable":true,"href":"https:\/\/www.domainedelaretiere.fr\/index.php\/wp-json\/wp\/v2\/users\/1"}],"replies":[{"embeddable":true,"href":"https:\/\/www.domainedelaretiere.fr\/index.php\/wp-json\/wp\/v2\/comments?post=12"}],"version-history":[{"count":1,"href":"https:\/\/www.domainedelaretiere.fr\/index.php\/wp-json\/wp\/v2\/pages\/12\/revisions"}],"predecessor-version":[{"id":13,"href":"https:\/\/www.domainedelaretiere.fr\/index.php\/wp-json\/wp\/v2\/pages\/12\/revisions\/13"}],"wp:attachment":[{"href":"https:\/\/www.domainedelaretiere.fr\/index.php\/wp-json\/wp\/v2\/media?parent=12"}],"curies":[{"name":"wp","href":"https:\/\/api.w.org\/{rel}","templated":true}]}}